{"id":1344,"date":"2023-06-20T03:40:55","date_gmt":"2023-06-20T03:40:55","guid":{"rendered":"https:\/\/pjfd.org.tr\/tr\/?page_id=1344"},"modified":"2026-01-16T19:29:12","modified_gmt":"2026-01-16T19:29:12","slug":"basinda-biz","status":"publish","type":"page","link":"https:\/\/pjfd.org.tr\/tr\/basinda-biz\/","title":{"rendered":"Bas\u0131nda Biz"},"content":{"rendered":"\t\t<div data-elementor-type=\"wp-page\" data-elementor-id=\"1344\" class=\"elementor elementor-1344\" data-elementor-post-type=\"page\">\n\t\t\t\t\t\t<section class=\"elementor-section elementor-top-section elementor-element elementor-element-384dc5d elementor-section-boxed elementor-section-height-default elementor-section-height-default\" data-id=\"384dc5d\" data-element_type=\"section\">\n\t\t\t\t\t\t<div class=\"elementor-container elementor-column-gap-default\">\n\t\t\t\t\t<div class=\"elementor-column elementor-col-100 elementor-top-column elementor-element elementor-element-3e52e11\" data-id=\"3e52e11\" data-element_type=\"column\">\n\t\t\t<div class=\"elementor-widget-wrap elementor-element-populated\">\n\t\t\t\t\t\t<div class=\"elementor-element elementor-element-fca6385 elementor-widget elementor-widget-ova_events\" data-id=\"fca6385\" data-element_type=\"widget\" data-widget_type=\"ova_events.default\">\n\t\t\t\t<div class=\"elementor-widget-container\">\n\t\t\t\n<div class=\"ovaev-event-element version_1\" >\n\n\t\n\t\n\n\t\n<div class=\"item type1\">\n\n\t<div class=\"date-time_title\">\n\n\t\t\t\t\t\t\t\t\t<div class=\"date-start\">\n\t\t\t\t\t<span>Ocak 16, 2026<\/span>\n\t\t\t\t<\/div>\n\t\t\t\t\t\n\t\t\n\t\t\n<div class=\"event-thumbnail-v2\">\n\n\t<!-- Highlight Date 1 -->\n\t\n<div class=\"date-event\">\n\t<span class=\"date\">16<\/span>\n\t<span class=\"month\">Oca<\/span>\n<\/div>\n\n\n\t<a href=\"https:\/\/pjfd.org.tr\/tr\/event\/baskanimiz-jeocastin-konugu-oldu\/\" aria-label=\"Event Thumbnail\">\n\t\t<img fetchpriority=\"high\" decoding=\"async\" width=\"600\" height=\"400\" src=\"https:\/\/pjfd.org.tr\/tr\/wp-content\/uploads\/2026\/01\/0111-600x400.jpg\" class=\"attachment-ovaev_event_thumbnail size-ovaev_event_thumbnail wp-post-image\" alt=\"\" srcset=\"https:\/\/pjfd.org.tr\/tr\/wp-content\/uploads\/2026\/01\/0111-600x400.jpg 600w, https:\/\/pjfd.org.tr\/tr\/wp-content\/uploads\/2026\/01\/0111-450x300.jpg 450w\" sizes=\"(max-width: 600px) 100vw, 600px\" \/>\t<\/a>\n\t\n<\/div>\t    \n\t    <div class=\"time_title\">\n\n\t    \t\t\t    \t<div class=\"time-venue\">\n\n\t\t\t\t\t\t\t\t\t\t\t<div class=\"time\">\n\t\t\t\t\t\t\t<span class=\"icon-time\"><i class=\"fas fa-clock icon_event\" aria-hidden=\"true\"><\/i><\/span>\n\t\t\t\t\t\t\t<span>1:00 pm - 3:00 pm<\/span>\n\t\t\t\t\t\t<\/div>\n\t\t\t\t\t\t\t\t\t\t\n\t\t\t\t\t\n\t<div class=\"venue\">\n\t\t<i class=\"fas fa-map-marker-alt icon_event\" aria-hidden=\"true\"><\/i>\n\t\t<span class=\"number\">PJFD, ANKARA<\/span>\n\t<\/div>\n\n\t\t\t\t<\/div>\n\t\t\t\n\t\t\t\n\t\t\t<h3 class=\"title\">\n\t\t\t\t<a class=\"second_font\" href=\"https:\/\/pjfd.org.tr\/tr\/event\/baskanimiz-jeocastin-konugu-oldu\/\">\n\t\t\t\t\tBa\u015fkan\u0131m\u0131z Jeoforum&#8217;un konu\u011fu oldu.\t\t\t\t<\/a>\n\t\t\t<\/h3>\n\n\t\t\t\n\t\t\t\n\t    <\/div>\n\n\t<\/div>\n\n\t\n \t \t\t<p class=\"event-excerpt\">\n \t\t\tBa\u015fkan\u0131m\u0131z\u0131n Videosu \t\t<\/p>\n \t\n    <a href=\"https:\/\/pjfd.org.tr\/tr\/event\/baskanimiz-jeocastin-konugu-oldu\/\" class=\"readmore up-arrow\" aria-label=\"G\u00f6r\u00fcnt\u00fcle\">\n\t\t<i aria-hidden=\"true\" class=\"fas fa-arrow-up\"><\/i>\n\t<\/a>\n\t\n\t\n<\/div>\n<div class=\"item type1\">\n\n\t<div class=\"date-time_title\">\n\n\t\t\t\t\t\t\t\t\t<div class=\"date-start\">\n\t\t\t\t\t<span>May\u0131s 30, 2015<\/span>\n\t\t\t\t<\/div>\n\t\t\t\t\t\n\t\t\n\t\t\n<div class=\"event-thumbnail-v2\">\n\n\t<!-- Highlight Date 1 -->\n\t\n<div class=\"date-event\">\n\t<span class=\"date\">30<\/span>\n\t<span class=\"month\">May<\/span>\n<\/div>\n\n\n\t<a href=\"https:\/\/pjfd.org.tr\/tr\/event\/ortadogu-dergisi\/\" aria-label=\"Event Thumbnail\">\n\t\t<img decoding=\"async\" width=\"600\" height=\"400\" src=\"https:\/\/pjfd.org.tr\/tr\/wp-content\/uploads\/2024\/11\/news-600x400.jpg\" class=\"attachment-ovaev_event_thumbnail size-ovaev_event_thumbnail wp-post-image\" alt=\"\" srcset=\"https:\/\/pjfd.org.tr\/tr\/wp-content\/uploads\/2024\/11\/news-600x400.jpg 600w, https:\/\/pjfd.org.tr\/tr\/wp-content\/uploads\/2024\/11\/news-450x300.jpg 450w\" sizes=\"(max-width: 600px) 100vw, 600px\" \/>\t<\/a>\n\t\n<\/div>\t    \n\t    <div class=\"time_title\">\n\n\t    \t\t\t    \t<div class=\"time-venue\">\n\n\t\t\t\t\t\t\t\t\t\t\t<div class=\"time\">\n\t\t\t\t\t\t\t<span class=\"icon-time\"><i class=\"fas fa-clock icon_event\" aria-hidden=\"true\"><\/i><\/span>\n\t\t\t\t\t\t\t<span>12:00 am - 12:00 am<\/span>\n\t\t\t\t\t\t<\/div>\n\t\t\t\t\t\t\t\t\t\t\n\t\t\t\t\t\n\n\t\t\t\t<\/div>\n\t\t\t\n\t\t\t\n\t\t\t<h3 class=\"title\">\n\t\t\t\t<a class=\"second_font\" href=\"https:\/\/pjfd.org.tr\/tr\/event\/ortadogu-dergisi\/\">\n\t\t\t\t\tOrtado\u011fu Dergisi\t\t\t\t<\/a>\n\t\t\t<\/h3>\n\n\t\t\t\n\t\t\t\n\t    <\/div>\n\n\t<\/div>\n\n\t\n \t \t\t<p class=\"event-excerpt\">\n \t\t\tPJFD \u00e7at\u0131s\u0131 alt\u0131nda organize edilen EMEOGE 2015&#039;te Ortado\u011fu ve Akdeniz&#039;de&hellip; \t\t<\/p>\n \t\n    <a href=\"https:\/\/pjfd.org.tr\/tr\/event\/ortadogu-dergisi\/\" class=\"readmore up-arrow\" aria-label=\"G\u00f6r\u00fcnt\u00fcle\">\n\t\t<i aria-hidden=\"true\" class=\"fas fa-arrow-up\"><\/i>\n\t<\/a>\n\t\n\t\n<\/div>\n<div class=\"item type1\">\n\n\t<div class=\"date-time_title\">\n\n\t\t\t\t\t\t\t\t\t<div class=\"date-start\">\n\t\t\t\t\t<span>Mart 20, 2015<\/span>\n\t\t\t\t<\/div>\n\t\t\t\t\t\n\t\t\n\t\t\n<div class=\"event-thumbnail-v2\">\n\n\t<!-- Highlight Date 1 -->\n\t\n<div class=\"date-event\">\n\t<span class=\"date\">20<\/span>\n\t<span class=\"month\">Mar<\/span>\n<\/div>\n\n\n\t<a href=\"https:\/\/pjfd.org.tr\/tr\/event\/bakanin-mesaji\/\" aria-label=\"Event Thumbnail\">\n\t\t<img decoding=\"async\" width=\"600\" height=\"400\" src=\"https:\/\/pjfd.org.tr\/tr\/wp-content\/uploads\/2024\/11\/news-600x400.jpg\" class=\"attachment-ovaev_event_thumbnail size-ovaev_event_thumbnail wp-post-image\" alt=\"\" srcset=\"https:\/\/pjfd.org.tr\/tr\/wp-content\/uploads\/2024\/11\/news-600x400.jpg 600w, https:\/\/pjfd.org.tr\/tr\/wp-content\/uploads\/2024\/11\/news-450x300.jpg 450w\" sizes=\"(max-width: 600px) 100vw, 600px\" \/>\t<\/a>\n\t\n<\/div>\t    \n\t    <div class=\"time_title\">\n\n\t    \t\t\t    \t<div class=\"time-venue\">\n\n\t\t\t\t\t\t\t\t\t\t\t<div class=\"time\">\n\t\t\t\t\t\t\t<span class=\"icon-time\"><i class=\"fas fa-clock icon_event\" aria-hidden=\"true\"><\/i><\/span>\n\t\t\t\t\t\t\t<span>12:00 am - 12:00 am<\/span>\n\t\t\t\t\t\t<\/div>\n\t\t\t\t\t\t\t\t\t\t\n\t\t\t\t\t\n\n\t\t\t\t<\/div>\n\t\t\t\n\t\t\t\n\t\t\t<h3 class=\"title\">\n\t\t\t\t<a class=\"second_font\" href=\"https:\/\/pjfd.org.tr\/tr\/event\/bakanin-mesaji\/\">\n\t\t\t\t\tBakan&#8217;\u0131n Mesaj\u0131\t\t\t\t<\/a>\n\t\t\t<\/h3>\n\n\t\t\t\n\t\t\t\n\t    <\/div>\n\n\t<\/div>\n\n\t\n \t \t\t<p class=\"event-excerpt\">\n \t\t\tT.C. Enerji ve Tabii Kaynaklar Bakan\u0131m\u0131z Taner YILDIZ, EMEOGE&#8217;15&#8217;in \u00fclkemizin&hellip; \t\t<\/p>\n \t\n    <a href=\"https:\/\/pjfd.org.tr\/tr\/event\/bakanin-mesaji\/\" class=\"readmore up-arrow\" aria-label=\"G\u00f6r\u00fcnt\u00fcle\">\n\t\t<i aria-hidden=\"true\" class=\"fas fa-arrow-up\"><\/i>\n\t<\/a>\n\t\n\t\n<\/div>\n<div class=\"item type1\">\n\n\t<div class=\"date-time_title\">\n\n\t\t\t\t\t\t\t\t\t<div class=\"date-start\">\n\t\t\t\t\t<span>A\u011fustos 8, 2013<\/span>\n\t\t\t\t<\/div>\n\t\t\t\t\t\n\t\t\n\t\t\n<div class=\"event-thumbnail-v2\">\n\n\t<!-- Highlight Date 1 -->\n\t\n<div class=\"date-event\">\n\t<span class=\"date\">08<\/span>\n\t<span class=\"month\">A\u011fu<\/span>\n<\/div>\n\n\n\t<a href=\"https:\/\/pjfd.org.tr\/tr\/event\/dunyanin-merkezinde-yeni-donem-herkes-icin-enerji\/\" aria-label=\"Event Thumbnail\">\n\t\t<img decoding=\"async\" width=\"600\" height=\"400\" src=\"https:\/\/pjfd.org.tr\/tr\/wp-content\/uploads\/2024\/11\/news-600x400.jpg\" class=\"attachment-ovaev_event_thumbnail size-ovaev_event_thumbnail wp-post-image\" alt=\"\" srcset=\"https:\/\/pjfd.org.tr\/tr\/wp-content\/uploads\/2024\/11\/news-600x400.jpg 600w, https:\/\/pjfd.org.tr\/tr\/wp-content\/uploads\/2024\/11\/news-450x300.jpg 450w\" sizes=\"(max-width: 600px) 100vw, 600px\" \/>\t<\/a>\n\t\n<\/div>\t    \n\t    <div class=\"time_title\">\n\n\t    \t\t\t    \t<div class=\"time-venue\">\n\n\t\t\t\t\t\t\t\t\t\t\t<div class=\"time\">\n\t\t\t\t\t\t\t<span class=\"icon-time\"><i class=\"fas fa-clock icon_event\" aria-hidden=\"true\"><\/i><\/span>\n\t\t\t\t\t\t\t<span>12:00 am - 12:00 am<\/span>\n\t\t\t\t\t\t<\/div>\n\t\t\t\t\t\t\t\t\t\t\n\t\t\t\t\t\n\n\t\t\t\t<\/div>\n\t\t\t\n\t\t\t\n\t\t\t<h3 class=\"title\">\n\t\t\t\t<a class=\"second_font\" href=\"https:\/\/pjfd.org.tr\/tr\/event\/dunyanin-merkezinde-yeni-donem-herkes-icin-enerji\/\">\n\t\t\t\t\tEnerji Magazin\t\t\t\t<\/a>\n\t\t\t<\/h3>\n\n\t\t\t\n\t\t\t\n\t    <\/div>\n\n\t<\/div>\n\n\t\n \t \t\t<p class=\"event-excerpt\">\n \t\t\t&#8220;Do\u011fu Akdeniz ve Orta Do\u011fu Petrol &amp; Do\u011fal Gaz Kongre&hellip; \t\t<\/p>\n \t\n    <a href=\"https:\/\/pjfd.org.tr\/tr\/event\/dunyanin-merkezinde-yeni-donem-herkes-icin-enerji\/\" class=\"readmore up-arrow\" aria-label=\"G\u00f6r\u00fcnt\u00fcle\">\n\t\t<i aria-hidden=\"true\" class=\"fas fa-arrow-up\"><\/i>\n\t<\/a>\n\t\n\t\n<\/div>\n<div class=\"item type1\">\n\n\t<div class=\"date-time_title\">\n\n\t\t\t\t\t\t\t\t\t<div class=\"date-start\">\n\t\t\t\t\t<span>Haziran 1, 2012<\/span>\n\t\t\t\t<\/div>\n\t\t\t\t\t\n\t\t\n\t\t\n<div class=\"event-thumbnail-v2\">\n\n\t<!-- Highlight Date 1 -->\n\t\n<div class=\"date-event\">\n\t<span class=\"date\">01<\/span>\n\t<span class=\"month\">Haz<\/span>\n<\/div>\n\n\n\t<a href=\"https:\/\/pjfd.org.tr\/tr\/event\/teknik-elektrik-postasi\/\" aria-label=\"Event Thumbnail\">\n\t\t<img decoding=\"async\" width=\"600\" height=\"400\" src=\"https:\/\/pjfd.org.tr\/tr\/wp-content\/uploads\/2024\/11\/news-600x400.jpg\" class=\"attachment-ovaev_event_thumbnail size-ovaev_event_thumbnail wp-post-image\" alt=\"\" srcset=\"https:\/\/pjfd.org.tr\/tr\/wp-content\/uploads\/2024\/11\/news-600x400.jpg 600w, https:\/\/pjfd.org.tr\/tr\/wp-content\/uploads\/2024\/11\/news-450x300.jpg 450w\" sizes=\"(max-width: 600px) 100vw, 600px\" \/>\t<\/a>\n\t\n<\/div>\t    \n\t    <div class=\"time_title\">\n\n\t    \t\t\t    \t<div class=\"time-venue\">\n\n\t\t\t\t\t\t\t\t\t\t\t<div class=\"time\">\n\t\t\t\t\t\t\t<span class=\"icon-time\"><i class=\"fas fa-clock icon_event\" aria-hidden=\"true\"><\/i><\/span>\n\t\t\t\t\t\t\t<span>12:00 am - 12:00 am<\/span>\n\t\t\t\t\t\t<\/div>\n\t\t\t\t\t\t\t\t\t\t\n\t\t\t\t\t\n\n\t\t\t\t<\/div>\n\t\t\t\n\t\t\t\n\t\t\t<h3 class=\"title\">\n\t\t\t\t<a class=\"second_font\" href=\"https:\/\/pjfd.org.tr\/tr\/event\/teknik-elektrik-postasi\/\">\n\t\t\t\t\tTeknik Elektrik Postas\u0131\t\t\t\t<\/a>\n\t\t\t<\/h3>\n\n\t\t\t\n\t\t\t\n\t    <\/div>\n\n\t<\/div>\n\n\t\n \t \t\t<p class=\"event-excerpt\">\n \t\t\tPJFD, 8 May\u0131s 2012 tarihinde Ankara Bilkent Otel&#039;de bir gala&hellip; \t\t<\/p>\n \t\n    <a href=\"https:\/\/pjfd.org.tr\/tr\/event\/teknik-elektrik-postasi\/\" class=\"readmore up-arrow\" aria-label=\"G\u00f6r\u00fcnt\u00fcle\">\n\t\t<i aria-hidden=\"true\" class=\"fas fa-arrow-up\"><\/i>\n\t<\/a>\n\t\n\t\n<\/div>\n<\/div>\t\t<\/div>\n\t\t\t\t<\/div>\n\t\t\t\t\t<\/div>\n\t\t<\/div>\n\t\t\t\t\t<\/div>\n\t\t<\/section>\n\t\t\t\t<\/div>\n\t\t","protected":false},"excerpt":{"rendered":"<p>Ocak 10, 2026 10 Oca Ba\u015fkan\u0131m\u0131z Jeocast&#8217;in konu\u011fu oldu. This event is free and open to the public May\u0131s 30, 2015 30 May 12:00 am &#8211; 12:00 am Ortado\u011fu Dergisi PJFD \u00e7at\u0131s\u0131 alt\u0131nda organize edilen EMEOGE 2015&#039;te Ortado\u011fu ve Akdeniz&#039;de&hellip; Mart 20, 2015 20 Mar 12:00 am &#8211; 12:00 am Bakan&#8217;\u0131n Mesaj\u0131 T.C. Enerji ve [&hellip;]<\/p>\n","protected":false},"author":1,"featured_media":0,"parent":0,"menu_order":0,"comment_status":"closed","ping_status":"closed","template":"elementor_header_footer","meta":{"_uag_custom_page_level_css":"","_monsterinsights_skip_tracking":false,"_monsterinsights_sitenote_active":false,"_monsterinsights_sitenote_note":"","_monsterinsights_sitenote_category":0,"footnotes":""},"class_list":["post-1344","page","type-page","status-publish","hentry"],"aioseo_notices":[],"uagb_featured_image_src":{"full":false,"thumbnail":false,"medium":false,"medium_large":false,"large":false,"ova_collection_thumbnail":false,"ovaev_event_thumbnail":false,"ova_por_thumbnail":false,"ova_sev_thumbnail":false,"1536x1536":false,"2048x2048":false,"gimont_thumbnail":false,"gimont_medium":false,"woocommerce_thumbnail":false,"woocommerce_single":false,"woocommerce_gallery_thumbnail":false},"uagb_author_info":{"display_name":"admin","author_link":"https:\/\/pjfd.org.tr\/tr\/author\/aagedik\/"},"uagb_comment_info":0,"uagb_excerpt":"Ocak 10, 2026 10 Oca Ba\u015fkan\u0131m\u0131z Jeocast&#8217;in konu\u011fu oldu. This event is free and open to the public May\u0131s 30, 2015 30 May 12:00 am &#8211; 12:00 am Ortado\u011fu Dergisi PJFD \u00e7at\u0131s\u0131 alt\u0131nda organize edilen EMEOGE 2015&#039;te Ortado\u011fu ve Akdeniz&#039;de&hellip; Mart 20, 2015 20 Mar 12:00 am &#8211; 12:00 am Bakan&#8217;\u0131n Mesaj\u0131 T.C. Enerji ve&hellip;","_links":{"self":[{"href":"https:\/\/pjfd.org.tr\/tr\/wp-json\/wp\/v2\/pages\/1344","targetHints":{"allow":["GET"]}}],"collection":[{"href":"https:\/\/pjfd.org.tr\/tr\/wp-json\/wp\/v2\/pages"}],"about":[{"href":"https:\/\/pjfd.org.tr\/tr\/wp-json\/wp\/v2\/types\/page"}],"author":[{"embeddable":true,"href":"https:\/\/pjfd.org.tr\/tr\/wp-json\/wp\/v2\/users\/1"}],"replies":[{"embeddable":true,"href":"https:\/\/pjfd.org.tr\/tr\/wp-json\/wp\/v2\/comments?post=1344"}],"version-history":[{"count":13,"href":"https:\/\/pjfd.org.tr\/tr\/wp-json\/wp\/v2\/pages\/1344\/revisions"}],"predecessor-version":[{"id":18978,"href":"https:\/\/pjfd.org.tr\/tr\/wp-json\/wp\/v2\/pages\/1344\/revisions\/18978"}],"wp:attachment":[{"href":"https:\/\/pjfd.org.tr\/tr\/wp-json\/wp\/v2\/media?parent=1344"}],"curies":[{"name":"wp","href":"https:\/\/api.w.org\/{rel}","templated":true}]}}