{"id":16598,"date":"2023-11-20T02:30:06","date_gmt":"2023-11-20T02:30:06","guid":{"rendered":"https:\/\/pjfd.org.tr\/tr\/?page_id=16598"},"modified":"2024-11-27T20:36:54","modified_gmt":"2024-11-27T20:36:54","slug":"seminerler","status":"publish","type":"page","link":"https:\/\/pjfd.org.tr\/tr\/seminerler\/","title":{"rendered":"Seminerler"},"content":{"rendered":"\t\t<div data-elementor-type=\"wp-page\" data-elementor-id=\"16598\" class=\"elementor elementor-16598\" data-elementor-post-type=\"page\">\n\t\t\t\t\t\t<section class=\"elementor-section elementor-top-section elementor-element elementor-element-384dc5d elementor-section-boxed elementor-section-height-default elementor-section-height-default\" data-id=\"384dc5d\" data-element_type=\"section\">\n\t\t\t\t\t\t<div class=\"elementor-container elementor-column-gap-default\">\n\t\t\t\t\t<div class=\"elementor-column elementor-col-100 elementor-top-column elementor-element elementor-element-3e52e11\" data-id=\"3e52e11\" data-element_type=\"column\">\n\t\t\t<div class=\"elementor-widget-wrap elementor-element-populated\">\n\t\t\t\t\t\t<div class=\"elementor-element elementor-element-fca6385 elementor-widget elementor-widget-ova_events\" data-id=\"fca6385\" data-element_type=\"widget\" data-widget_type=\"ova_events.default\">\n\t\t\t\t<div class=\"elementor-widget-container\">\n\t\t\t\n<div class=\"ovaev-event-element version_2\" >\n\n\t\n\t\n\n\t\n\t\t\t<div class=\"container-event\">\n\t\t\t\t<div id=\"main-event\" class=\"content-event\">\n\t\t\t\t\t<div class=\"archive_event col3 vertical\">\n\n\t\t\t\t\t\t\t\t\t\t\t\t\t\n<div class=\"ovaev-content\">\n\t<div class=\"type6\">\n\n\t\t<div class=\"desc\">\n\n\t\t\t\n<div class=\"event-thumbnail\" style=\"background-image:url(https:\/\/pjfd.org.tr\/tr\/wp-content\/uploads\/2025\/12\/WhatsApp-Image-2025-12-14-at-23.59.14.jpeg);\">\n\t<a href=\"https:\/\/pjfd.org.tr\/tr\/event\/sismik-egitim-programi\/\" aria-label=\"Event Thumbnail\">\n\t\t<img fetchpriority=\"high\" decoding=\"async\" width=\"600\" height=\"400\" src=\"https:\/\/pjfd.org.tr\/tr\/wp-content\/uploads\/2025\/12\/WhatsApp-Image-2025-12-14-at-23.59.14-600x400.jpeg\" class=\"attachment-ovaev_event_thumbnail size-ovaev_event_thumbnail wp-post-image\" alt=\"\" srcset=\"https:\/\/pjfd.org.tr\/tr\/wp-content\/uploads\/2025\/12\/WhatsApp-Image-2025-12-14-at-23.59.14-600x400.jpeg 600w, https:\/\/pjfd.org.tr\/tr\/wp-content\/uploads\/2025\/12\/WhatsApp-Image-2025-12-14-at-23.59.14-450x300.jpeg 450w\" sizes=\"(max-width: 600px) 100vw, 600px\" \/>\t<\/a>\n<\/div>\n\n\t\t\t<div class=\"event_post\">\n                \n                <div class=\"meta-event\">\n\t\t\t\t\t\n<div class=\"date-event date-event-2\">\n\n\t<i aria-hidden=\"true\" class=\"fas fa-calendar-alt\"><\/i>\n\t\n\t<span class=\"date\">\n\t\t13 Ara, 2025\t<\/span>\n\n<\/div>\n\n                <\/div>\t\n                \n                <!-- Title -->\n\t\t\t\t\n<h2 class=\"second_font event_title\">\n\t<a href=\"https:\/\/pjfd.org.tr\/tr\/event\/sismik-egitim-programi\/\" title=\"Sismik E\u011fitim Program\u0131\">\n\t\tSismik E\u011fitim Program\u0131\t<\/a>\n<\/h2>\n\t\t\t\t<div class=\"meta-event meta-event-2\">\n\t\t\t\t    \n                <\/div>\t\n\n\t\t\t<\/div>\n\t\t<\/div>\n\t<\/div>\n<\/div>\n\t\t\t\t\t\t\t\t\t\t\t\t\t\n<div class=\"ovaev-content\">\n\t<div class=\"type6\">\n\n\t\t<div class=\"desc\">\n\n\t\t\t\n<div class=\"event-thumbnail\" style=\"background-image:url(https:\/\/pjfd.org.tr\/tr\/wp-content\/uploads\/2025\/11\/23.jpeg);\">\n\t<a href=\"https:\/\/pjfd.org.tr\/tr\/event\/lunch-learn-serisi-7\/\" aria-label=\"Event Thumbnail\">\n\t\t<img decoding=\"async\" width=\"600\" height=\"400\" src=\"https:\/\/pjfd.org.tr\/tr\/wp-content\/uploads\/2025\/11\/23-600x400.jpeg\" class=\"attachment-ovaev_event_thumbnail size-ovaev_event_thumbnail wp-post-image\" alt=\"\" srcset=\"https:\/\/pjfd.org.tr\/tr\/wp-content\/uploads\/2025\/11\/23-600x400.jpeg 600w, https:\/\/pjfd.org.tr\/tr\/wp-content\/uploads\/2025\/11\/23-450x300.jpeg 450w\" sizes=\"(max-width: 600px) 100vw, 600px\" \/>\t<\/a>\n<\/div>\n\n\t\t\t<div class=\"event_post\">\n                \n                <div class=\"meta-event\">\n\t\t\t\t\t\n<div class=\"date-event date-event-2\">\n\n\t<i aria-hidden=\"true\" class=\"fas fa-calendar-alt\"><\/i>\n\t\n\t<span class=\"date\">\n\t\t26 Kas, 2025\t<\/span>\n\n<\/div>\n\n                <\/div>\t\n                \n                <!-- Title -->\n\t\t\t\t\n<h2 class=\"second_font event_title\">\n\t<a href=\"https:\/\/pjfd.org.tr\/tr\/event\/lunch-learn-serisi-7\/\" title=\"Lunch &#038; Learn Serisi-7\">\n\t\tLunch &#038; Learn Serisi-7\t<\/a>\n<\/h2>\n\t\t\t\t<div class=\"meta-event meta-event-2\">\n\t\t\t\t    \n                <\/div>\t\n\n\t\t\t<\/div>\n\t\t<\/div>\n\t<\/div>\n<\/div>\n\t\t\t\t\t\t\t\t\t\t\t\t\t\n<div class=\"ovaev-content\">\n\t<div class=\"type6\">\n\n\t\t<div class=\"desc\">\n\n\t\t\t\n<div class=\"event-thumbnail\" style=\"background-image:url(https:\/\/pjfd.org.tr\/tr\/wp-content\/uploads\/2025\/05\/01.jpg);\">\n\t<a href=\"https:\/\/pjfd.org.tr\/tr\/event\/yapay-zeka-ve-yazilim-sektoru\/\" aria-label=\"Event Thumbnail\">\n\t\t<img decoding=\"async\" width=\"600\" height=\"400\" src=\"https:\/\/pjfd.org.tr\/tr\/wp-content\/uploads\/2025\/05\/01-600x400.jpg\" class=\"attachment-ovaev_event_thumbnail size-ovaev_event_thumbnail wp-post-image\" alt=\"\" srcset=\"https:\/\/pjfd.org.tr\/tr\/wp-content\/uploads\/2025\/05\/01-600x400.jpg 600w, https:\/\/pjfd.org.tr\/tr\/wp-content\/uploads\/2025\/05\/01-450x300.jpg 450w\" sizes=\"(max-width: 600px) 100vw, 600px\" \/>\t<\/a>\n<\/div>\n\n\t\t\t<div class=\"event_post\">\n                \n                <div class=\"meta-event\">\n\t\t\t\t\t\n<div class=\"date-event date-event-2\">\n\n\t<i aria-hidden=\"true\" class=\"fas fa-calendar-alt\"><\/i>\n\t\n\t<span class=\"date\">\n\t\t29 May, 2025\t<\/span>\n\n<\/div>\n\n                <\/div>\t\n                \n                <!-- Title -->\n\t\t\t\t\n<h2 class=\"second_font event_title\">\n\t<a href=\"https:\/\/pjfd.org.tr\/tr\/event\/yapay-zeka-ve-yazilim-sektoru\/\" title=\"AI ve Yaz\u0131l\u0131m Sekt\u00f6r\u00fc\">\n\t\tAI ve Yaz\u0131l\u0131m Sekt\u00f6r\u00fc\t<\/a>\n<\/h2>\n\t\t\t\t<div class=\"meta-event meta-event-2\">\n\t\t\t\t    \n                <\/div>\t\n\n\t\t\t<\/div>\n\t\t<\/div>\n\t<\/div>\n<\/div>\n\t\t\t\t\t\t\t\t\t\t\t\t\t\n<div class=\"ovaev-content\">\n\t<div class=\"type6\">\n\n\t\t<div class=\"desc\">\n\n\t\t\t\n<div class=\"event-thumbnail\" style=\"background-image:url(https:\/\/pjfd.org.tr\/tr\/wp-content\/uploads\/2023\/06\/lunch_learn_24_09_24_01.jpg);\">\n\t<a href=\"https:\/\/pjfd.org.tr\/tr\/event\/arama-sismolojisindeki-yakin-gelismeler-2\/\" aria-label=\"Event Thumbnail\">\n\t\t<img loading=\"lazy\" decoding=\"async\" width=\"600\" height=\"400\" src=\"https:\/\/pjfd.org.tr\/tr\/wp-content\/uploads\/2023\/06\/lunch_learn_24_09_24_01-600x400.jpg\" class=\"attachment-ovaev_event_thumbnail size-ovaev_event_thumbnail wp-post-image\" alt=\"\" srcset=\"https:\/\/pjfd.org.tr\/tr\/wp-content\/uploads\/2023\/06\/lunch_learn_24_09_24_01-600x400.jpg 600w, https:\/\/pjfd.org.tr\/tr\/wp-content\/uploads\/2023\/06\/lunch_learn_24_09_24_01-450x300.jpg 450w\" sizes=\"(max-width: 600px) 100vw, 600px\" \/>\t<\/a>\n<\/div>\n\n\t\t\t<div class=\"event_post\">\n                \n                <div class=\"meta-event\">\n\t\t\t\t\t\n<div class=\"date-event date-event-2\">\n\n\t<i aria-hidden=\"true\" class=\"fas fa-calendar-alt\"><\/i>\n\t\n\t<span class=\"date\">\n\t\t24 Eyl, 2024\t<\/span>\n\n<\/div>\n\n                <\/div>\t\n                \n                <!-- Title -->\n\t\t\t\t\n<h2 class=\"second_font event_title\">\n\t<a href=\"https:\/\/pjfd.org.tr\/tr\/event\/arama-sismolojisindeki-yakin-gelismeler-2\/\" title=\"Arama Sismolojisi\">\n\t\tArama Sismolojisi\t<\/a>\n<\/h2>\n\t\t\t\t<div class=\"meta-event meta-event-2\">\n\t\t\t\t    \n                <\/div>\t\n\n\t\t\t<\/div>\n\t\t<\/div>\n\t<\/div>\n<\/div>\n\t\t\t\t\t\t\t\t\t\t\t\t\t\n<div class=\"ovaev-content\">\n\t<div class=\"type6\">\n\n\t\t<div class=\"desc\">\n\n\t\t\t\n<div class=\"event-thumbnail\" style=\"background-image:url(https:\/\/pjfd.org.tr\/tr\/wp-content\/uploads\/2024\/11\/PHOTO-2024-05-21-13-48-11-scaled.jpg);\">\n\t<a href=\"https:\/\/pjfd.org.tr\/tr\/event\/derin-ogrenme-yontemleri\/\" aria-label=\"Event Thumbnail\">\n\t\t<img loading=\"lazy\" decoding=\"async\" width=\"600\" height=\"400\" src=\"https:\/\/pjfd.org.tr\/tr\/wp-content\/uploads\/2024\/11\/PHOTO-2024-05-21-13-48-11-600x400.jpg\" class=\"attachment-ovaev_event_thumbnail size-ovaev_event_thumbnail wp-post-image\" alt=\"\" srcset=\"https:\/\/pjfd.org.tr\/tr\/wp-content\/uploads\/2024\/11\/PHOTO-2024-05-21-13-48-11-600x400.jpg 600w, https:\/\/pjfd.org.tr\/tr\/wp-content\/uploads\/2024\/11\/PHOTO-2024-05-21-13-48-11-450x300.jpg 450w\" sizes=\"(max-width: 600px) 100vw, 600px\" \/>\t<\/a>\n<\/div>\n\n\t\t\t<div class=\"event_post\">\n                \n                <div class=\"meta-event\">\n\t\t\t\t\t\n<div class=\"date-event date-event-2\">\n\n\t<i aria-hidden=\"true\" class=\"fas fa-calendar-alt\"><\/i>\n\t\n\t<span class=\"date\">\n\t\t21 May, 2024\t<\/span>\n\n<\/div>\n\n                <\/div>\t\n                \n                <!-- Title -->\n\t\t\t\t\n<h2 class=\"second_font event_title\">\n\t<a href=\"https:\/\/pjfd.org.tr\/tr\/event\/derin-ogrenme-yontemleri\/\" title=\"Derin \u00d6\u011frenme\">\n\t\tDerin \u00d6\u011frenme\t<\/a>\n<\/h2>\n\t\t\t\t<div class=\"meta-event meta-event-2\">\n\t\t\t\t    \n                <\/div>\t\n\n\t\t\t<\/div>\n\t\t<\/div>\n\t<\/div>\n<\/div>\n\t\t\t\t\t\t\t\t\t\t\t\t\t\n<div class=\"ovaev-content\">\n\t<div class=\"type6\">\n\n\t\t<div class=\"desc\">\n\n\t\t\t\n<div class=\"event-thumbnail\" style=\"background-image:url(https:\/\/pjfd.org.tr\/tr\/wp-content\/uploads\/2024\/05\/1714668864150.jpg);\">\n\t<a href=\"https:\/\/pjfd.org.tr\/tr\/event\/ankara-universitesi-seminer\/\" aria-label=\"Event Thumbnail\">\n\t\t<img loading=\"lazy\" decoding=\"async\" width=\"600\" height=\"400\" src=\"https:\/\/pjfd.org.tr\/tr\/wp-content\/uploads\/2024\/05\/1714668864150-600x400.jpg\" class=\"attachment-ovaev_event_thumbnail size-ovaev_event_thumbnail wp-post-image\" alt=\"\" srcset=\"https:\/\/pjfd.org.tr\/tr\/wp-content\/uploads\/2024\/05\/1714668864150-600x400.jpg 600w, https:\/\/pjfd.org.tr\/tr\/wp-content\/uploads\/2024\/05\/1714668864150-450x300.jpg 450w\" sizes=\"(max-width: 600px) 100vw, 600px\" \/>\t<\/a>\n<\/div>\n\n\t\t\t<div class=\"event_post\">\n                \n                <div class=\"meta-event\">\n\t\t\t\t\t\n<div class=\"date-event date-event-2\">\n\n\t<i aria-hidden=\"true\" class=\"fas fa-calendar-alt\"><\/i>\n\t\n\t<span class=\"date\">\n\t\t15 May, 2024\t<\/span>\n\n<\/div>\n\n                <\/div>\t\n                \n                <!-- Title -->\n\t\t\t\t\n<h2 class=\"second_font event_title\">\n\t<a href=\"https:\/\/pjfd.org.tr\/tr\/event\/ankara-universitesi-seminer\/\" title=\"Ankara \u00dcni. Seminer\">\n\t\tAnkara \u00dcni. Seminer\t<\/a>\n<\/h2>\n\t\t\t\t<div class=\"meta-event meta-event-2\">\n\t\t\t\t    \n                <\/div>\t\n\n\t\t\t<\/div>\n\t\t<\/div>\n\t<\/div>\n<\/div>\n\t\t\t\t\t\t\t\t\t\t\t\t\t\n<div class=\"ovaev-content\">\n\t<div class=\"type6\">\n\n\t\t<div class=\"desc\">\n\n\t\t\t\n<div class=\"event-thumbnail\" style=\"background-image:url(https:\/\/pjfd.org.tr\/tr\/wp-content\/uploads\/2023\/06\/3-1.jpg);\">\n\t<a href=\"https:\/\/pjfd.org.tr\/tr\/event\/lunch-learn-serisi-6\/\" aria-label=\"Event Thumbnail\">\n\t\t<img loading=\"lazy\" decoding=\"async\" width=\"600\" height=\"400\" src=\"https:\/\/pjfd.org.tr\/tr\/wp-content\/uploads\/2023\/06\/3-1-600x400.jpg\" class=\"attachment-ovaev_event_thumbnail size-ovaev_event_thumbnail wp-post-image\" alt=\"\" srcset=\"https:\/\/pjfd.org.tr\/tr\/wp-content\/uploads\/2023\/06\/3-1-600x400.jpg 600w, https:\/\/pjfd.org.tr\/tr\/wp-content\/uploads\/2023\/06\/3-1-450x300.jpg 450w\" sizes=\"(max-width: 600px) 100vw, 600px\" \/>\t<\/a>\n<\/div>\n\n\t\t\t<div class=\"event_post\">\n                \n                <div class=\"meta-event\">\n\t\t\t\t\t\n<div class=\"date-event date-event-2\">\n\n\t<i aria-hidden=\"true\" class=\"fas fa-calendar-alt\"><\/i>\n\t\n\t<span class=\"date\">\n\t\t01 Eki, 2018\t<\/span>\n\n<\/div>\n\n                <\/div>\t\n                \n                <!-- Title -->\n\t\t\t\t\n<h2 class=\"second_font event_title\">\n\t<a href=\"https:\/\/pjfd.org.tr\/tr\/event\/lunch-learn-serisi-6\/\" title=\"Lunch &#038; Learn Serisi-6\">\n\t\tLunch &#038; Learn Serisi-6\t<\/a>\n<\/h2>\n\t\t\t\t<div class=\"meta-event meta-event-2\">\n\t\t\t\t    \n                <\/div>\t\n\n\t\t\t<\/div>\n\t\t<\/div>\n\t<\/div>\n<\/div>\n\t\t\t\t\t\t\t\t\t\t\t\t\t\n<div class=\"ovaev-content\">\n\t<div class=\"type6\">\n\n\t\t<div class=\"desc\">\n\n\t\t\t\n<div class=\"event-thumbnail\" style=\"background-image:url(https:\/\/pjfd.org.tr\/tr\/wp-content\/uploads\/2023\/06\/1.jpg);\">\n\t<a href=\"https:\/\/pjfd.org.tr\/tr\/event\/lunch-learn-seminerler-serisi-4\/\" aria-label=\"Event Thumbnail\">\n\t\t<img loading=\"lazy\" decoding=\"async\" width=\"600\" height=\"400\" src=\"https:\/\/pjfd.org.tr\/tr\/wp-content\/uploads\/2023\/06\/1-600x400.jpg\" class=\"attachment-ovaev_event_thumbnail size-ovaev_event_thumbnail wp-post-image\" alt=\"\" srcset=\"https:\/\/pjfd.org.tr\/tr\/wp-content\/uploads\/2023\/06\/1-600x400.jpg 600w, https:\/\/pjfd.org.tr\/tr\/wp-content\/uploads\/2023\/06\/1-450x300.jpg 450w\" sizes=\"(max-width: 600px) 100vw, 600px\" \/>\t<\/a>\n<\/div>\n\n\t\t\t<div class=\"event_post\">\n                \n                <div class=\"meta-event\">\n\t\t\t\t\t\n<div class=\"date-event date-event-2\">\n\n\t<i aria-hidden=\"true\" class=\"fas fa-calendar-alt\"><\/i>\n\t\n\t<span class=\"date\">\n\t\t05 Ara, 2017\t<\/span>\n\n<\/div>\n\n                <\/div>\t\n                \n                <!-- Title -->\n\t\t\t\t\n<h2 class=\"second_font event_title\">\n\t<a href=\"https:\/\/pjfd.org.tr\/tr\/event\/lunch-learn-seminerler-serisi-4\/\" title=\"Lunch &#038; Learn Serisi-5\">\n\t\tLunch &#038; Learn Serisi-5\t<\/a>\n<\/h2>\n\t\t\t\t<div class=\"meta-event meta-event-2\">\n\t\t\t\t    \n                <\/div>\t\n\n\t\t\t<\/div>\n\t\t<\/div>\n\t<\/div>\n<\/div>\n\t\t\t\t\t\t\t\t\t\t\t\t\t\n<div class=\"ovaev-content\">\n\t<div class=\"type6\">\n\n\t\t<div class=\"desc\">\n\n\t\t\t\n<div class=\"event-thumbnail\" style=\"background-image:url(https:\/\/pjfd.org.tr\/tr\/wp-content\/uploads\/2023\/06\/ll4_01.jpg);\">\n\t<a href=\"https:\/\/pjfd.org.tr\/tr\/event\/lunch-learn-seminerler-serisi-1-2\/\" aria-label=\"Event Thumbnail\">\n\t\t<img loading=\"lazy\" decoding=\"async\" width=\"600\" height=\"400\" src=\"https:\/\/pjfd.org.tr\/tr\/wp-content\/uploads\/2023\/06\/ll4_01-600x400.jpg\" class=\"attachment-ovaev_event_thumbnail size-ovaev_event_thumbnail wp-post-image\" alt=\"\" srcset=\"https:\/\/pjfd.org.tr\/tr\/wp-content\/uploads\/2023\/06\/ll4_01-600x400.jpg 600w, https:\/\/pjfd.org.tr\/tr\/wp-content\/uploads\/2023\/06\/ll4_01-450x300.jpg 450w\" sizes=\"(max-width: 600px) 100vw, 600px\" \/>\t<\/a>\n<\/div>\n\n\t\t\t<div class=\"event_post\">\n                \n                <div class=\"meta-event\">\n\t\t\t\t\t\n<div class=\"date-event date-event-2\">\n\n\t<i aria-hidden=\"true\" class=\"fas fa-calendar-alt\"><\/i>\n\t\n\t<span class=\"date\">\n\t\t11 May, 2017\t<\/span>\n\n<\/div>\n\n                <\/div>\t\n                \n                <!-- Title -->\n\t\t\t\t\n<h2 class=\"second_font event_title\">\n\t<a href=\"https:\/\/pjfd.org.tr\/tr\/event\/lunch-learn-seminerler-serisi-1-2\/\" title=\"Lunch &#038; Learn Serisi-4\">\n\t\tLunch &#038; Learn Serisi-4\t<\/a>\n<\/h2>\n\t\t\t\t<div class=\"meta-event meta-event-2\">\n\t\t\t\t    \n                <\/div>\t\n\n\t\t\t<\/div>\n\t\t<\/div>\n\t<\/div>\n<\/div>\n\t\t\t\t\t\t\t\t\t\t\t\t\t\n<div class=\"ovaev-content\">\n\t<div class=\"type6\">\n\n\t\t<div class=\"desc\">\n\n\t\t\t\n<div class=\"event-thumbnail\" style=\"background-image:url(https:\/\/pjfd.org.tr\/tr\/wp-content\/uploads\/2017\/04\/2.jpg);\">\n\t<a href=\"https:\/\/pjfd.org.tr\/tr\/event\/lunch-learn-seminerler-serisi-3\/\" aria-label=\"Event Thumbnail\">\n\t\t<img loading=\"lazy\" decoding=\"async\" width=\"600\" height=\"400\" src=\"https:\/\/pjfd.org.tr\/tr\/wp-content\/uploads\/2017\/04\/2-600x400.jpg\" class=\"attachment-ovaev_event_thumbnail size-ovaev_event_thumbnail wp-post-image\" alt=\"\" srcset=\"https:\/\/pjfd.org.tr\/tr\/wp-content\/uploads\/2017\/04\/2-600x400.jpg 600w, https:\/\/pjfd.org.tr\/tr\/wp-content\/uploads\/2017\/04\/2-450x300.jpg 450w\" sizes=\"(max-width: 600px) 100vw, 600px\" \/>\t<\/a>\n<\/div>\n\n\t\t\t<div class=\"event_post\">\n                \n                <div class=\"meta-event\">\n\t\t\t\t\t\n<div class=\"date-event date-event-2\">\n\n\t<i aria-hidden=\"true\" class=\"fas fa-calendar-alt\"><\/i>\n\t\n\t<span class=\"date\">\n\t\t05 Nis, 2017\t<\/span>\n\n<\/div>\n\n                <\/div>\t\n                \n                <!-- Title -->\n\t\t\t\t\n<h2 class=\"second_font event_title\">\n\t<a href=\"https:\/\/pjfd.org.tr\/tr\/event\/lunch-learn-seminerler-serisi-3\/\" title=\"Lunch &#038; Learn Serisi-3\">\n\t\tLunch &#038; Learn Serisi-3\t<\/a>\n<\/h2>\n\t\t\t\t<div class=\"meta-event meta-event-2\">\n\t\t\t\t    \n                <\/div>\t\n\n\t\t\t<\/div>\n\t\t<\/div>\n\t<\/div>\n<\/div>\n\t\t\t\t\t\t\t\t\t\t\t\t\t\n<div class=\"ovaev-content\">\n\t<div class=\"type6\">\n\n\t\t<div class=\"desc\">\n\n\t\t\t\n<div class=\"event-thumbnail\" style=\"background-image:url(https:\/\/pjfd.org.tr\/tr\/wp-content\/uploads\/2017\/01\/2.jpg);\">\n\t<a href=\"https:\/\/pjfd.org.tr\/tr\/event\/lunch-learn-seminerler-serisi-2\/\" aria-label=\"Event Thumbnail\">\n\t\t<img loading=\"lazy\" decoding=\"async\" width=\"600\" height=\"400\" src=\"https:\/\/pjfd.org.tr\/tr\/wp-content\/uploads\/2017\/01\/2-600x400.jpg\" class=\"attachment-ovaev_event_thumbnail size-ovaev_event_thumbnail wp-post-image\" alt=\"\" srcset=\"https:\/\/pjfd.org.tr\/tr\/wp-content\/uploads\/2017\/01\/2-600x400.jpg 600w, https:\/\/pjfd.org.tr\/tr\/wp-content\/uploads\/2017\/01\/2-450x300.jpg 450w\" sizes=\"(max-width: 600px) 100vw, 600px\" \/>\t<\/a>\n<\/div>\n\n\t\t\t<div class=\"event_post\">\n                \n                <div class=\"meta-event\">\n\t\t\t\t\t\n<div class=\"date-event date-event-2\">\n\n\t<i aria-hidden=\"true\" class=\"fas fa-calendar-alt\"><\/i>\n\t\n\t<span class=\"date\">\n\t\t18 Oca, 2017\t<\/span>\n\n<\/div>\n\n                <\/div>\t\n                \n                <!-- Title -->\n\t\t\t\t\n<h2 class=\"second_font event_title\">\n\t<a href=\"https:\/\/pjfd.org.tr\/tr\/event\/lunch-learn-seminerler-serisi-2\/\" title=\"Lunch &#038; Learn Serisi-2\">\n\t\tLunch &#038; Learn Serisi-2\t<\/a>\n<\/h2>\n\t\t\t\t<div class=\"meta-event meta-event-2\">\n\t\t\t\t    \n                <\/div>\t\n\n\t\t\t<\/div>\n\t\t<\/div>\n\t<\/div>\n<\/div>\n\t\t\t\t\t\t\t\t\t\t\t\t\t\n<div class=\"ovaev-content\">\n\t<div class=\"type6\">\n\n\t\t<div class=\"desc\">\n\n\t\t\t\n<div class=\"event-thumbnail\" style=\"background-image:url(https:\/\/pjfd.org.tr\/tr\/wp-content\/uploads\/2016\/12\/Lunch_Learn_22_12_2016_02.jpg);\">\n\t<a href=\"https:\/\/pjfd.org.tr\/tr\/event\/lunch-learn-seminerler-serisi-1\/\" aria-label=\"Event Thumbnail\">\n\t\t<img loading=\"lazy\" decoding=\"async\" width=\"600\" height=\"400\" src=\"https:\/\/pjfd.org.tr\/tr\/wp-content\/uploads\/2016\/12\/Lunch_Learn_22_12_2016_02-600x400.jpg\" class=\"attachment-ovaev_event_thumbnail size-ovaev_event_thumbnail wp-post-image\" alt=\"\" srcset=\"https:\/\/pjfd.org.tr\/tr\/wp-content\/uploads\/2016\/12\/Lunch_Learn_22_12_2016_02-600x400.jpg 600w, https:\/\/pjfd.org.tr\/tr\/wp-content\/uploads\/2016\/12\/Lunch_Learn_22_12_2016_02-450x300.jpg 450w\" sizes=\"(max-width: 600px) 100vw, 600px\" \/>\t<\/a>\n<\/div>\n\n\t\t\t<div class=\"event_post\">\n                \n                <div class=\"meta-event\">\n\t\t\t\t\t\n<div class=\"date-event date-event-2\">\n\n\t<i aria-hidden=\"true\" class=\"fas fa-calendar-alt\"><\/i>\n\t\n\t<span class=\"date\">\n\t\t22 Ara, 2016\t<\/span>\n\n<\/div>\n\n                <\/div>\t\n                \n                <!-- Title -->\n\t\t\t\t\n<h2 class=\"second_font event_title\">\n\t<a href=\"https:\/\/pjfd.org.tr\/tr\/event\/lunch-learn-seminerler-serisi-1\/\" title=\"Lunch &#038; Learn Serisi-1\">\n\t\tLunch &#038; Learn Serisi-1\t<\/a>\n<\/h2>\n\t\t\t\t<div class=\"meta-event meta-event-2\">\n\t\t\t\t    \n                <\/div>\t\n\n\t\t\t<\/div>\n\t\t<\/div>\n\t<\/div>\n<\/div>\n\t\t\t\t\t\t\n\t\t\t\t\t<\/div>\n\t\t\t\t<\/div>\n\t\t\t<\/div>\n\n\t\n<\/div>\t\t<\/div>\n\t\t\t\t<\/div>\n\t\t\t\t\t<\/div>\n\t\t<\/div>\n\t\t\t\t\t<\/div>\n\t\t<\/section>\n\t\t\t\t<\/div>\n\t\t","protected":false},"excerpt":{"rendered":"<p>27 Nis, 2025 Arama Sismolojisindeki Yak\u0131n Geli\u015fmeler Lunch &#038; Learn Serisi-5 Lunch &#038; Learn Serisi-4 Lunch &#038; Learn Serisi-1 Lunch &#038; Learn Serisi-6 Lunch &#038; Learn Serisi-3 Lunch &#038; Learn Serisi-2<\/p>\n","protected":false},"author":1,"featured_media":0,"parent":0,"menu_order":0,"comment_status":"closed","ping_status":"closed","template":"elementor_header_footer","meta":{"_uag_custom_page_level_css":"","_monsterinsights_skip_tracking":false,"_monsterinsights_sitenote_active":false,"_monsterinsights_sitenote_note":"","_monsterinsights_sitenote_category":0,"footnotes":""},"class_list":["post-16598","page","type-page","status-publish","hentry"],"aioseo_notices":[],"uagb_featured_image_src":{"full":false,"thumbnail":false,"medium":false,"medium_large":false,"large":false,"ova_collection_thumbnail":false,"ovaev_event_thumbnail":false,"ova_por_thumbnail":false,"ova_sev_thumbnail":false,"1536x1536":false,"2048x2048":false,"gimont_thumbnail":false,"gimont_medium":false,"woocommerce_thumbnail":false,"woocommerce_single":false,"woocommerce_gallery_thumbnail":false},"uagb_author_info":{"display_name":"admin","author_link":"https:\/\/pjfd.org.tr\/tr\/author\/aagedik\/"},"uagb_comment_info":0,"uagb_excerpt":"27 Nis, 2025 Arama Sismolojisindeki Yak\u0131n Geli\u015fmeler Lunch &#038; Learn Serisi-5 Lunch &#038; Learn Serisi-4 Lunch &#038; Learn Serisi-1 Lunch &#038; Learn Serisi-6 Lunch &#038; Learn Serisi-3 Lunch &#038; Learn Serisi-2","_links":{"self":[{"href":"https:\/\/pjfd.org.tr\/tr\/wp-json\/wp\/v2\/pages\/16598","targetHints":{"allow":["GET"]}}],"collection":[{"href":"https:\/\/pjfd.org.tr\/tr\/wp-json\/wp\/v2\/pages"}],"about":[{"href":"https:\/\/pjfd.org.tr\/tr\/wp-json\/wp\/v2\/types\/page"}],"author":[{"embeddable":true,"href":"https:\/\/pjfd.org.tr\/tr\/wp-json\/wp\/v2\/users\/1"}],"replies":[{"embeddable":true,"href":"https:\/\/pjfd.org.tr\/tr\/wp-json\/wp\/v2\/comments?post=16598"}],"version-history":[{"count":22,"href":"https:\/\/pjfd.org.tr\/tr\/wp-json\/wp\/v2\/pages\/16598\/revisions"}],"predecessor-version":[{"id":18376,"href":"https:\/\/pjfd.org.tr\/tr\/wp-json\/wp\/v2\/pages\/16598\/revisions\/18376"}],"wp:attachment":[{"href":"https:\/\/pjfd.org.tr\/tr\/wp-json\/wp\/v2\/media?parent=16598"}],"curies":[{"name":"wp","href":"https:\/\/api.w.org\/{rel}","templated":true}]}}