{"id":17132,"date":"2023-06-08T07:15:57","date_gmt":"2023-06-08T07:15:57","guid":{"rendered":"https:\/\/pjfd.org.tr\/tr\/?page_id=13"},"modified":"2024-12-09T11:53:15","modified_gmt":"2024-12-09T11:53:15","slug":"history","status":"publish","type":"page","link":"https:\/\/pjfd.org.tr\/tr\/history\/","title":{"rendered":"Kilometre Ta\u015flar\u0131"},"content":{"rendered":"\t\t<div data-elementor-type=\"wp-page\" data-elementor-id=\"17132\" class=\"elementor elementor-17132\" data-elementor-post-type=\"page\">\n\t\t\t\t\t\t<section class=\"elementor-section elementor-top-section elementor-element elementor-element-f565e6e elementor-section-boxed elementor-section-height-default elementor-section-height-default\" data-id=\"f565e6e\" data-element_type=\"section\">\n\t\t\t\t\t\t<div class=\"elementor-container elementor-column-gap-default\">\n\t\t\t\t\t<div class=\"elementor-column elementor-col-100 elementor-top-column elementor-element elementor-element-3c652c4\" data-id=\"3c652c4\" data-element_type=\"column\">\n\t\t\t<div class=\"elementor-widget-wrap elementor-element-populated\">\n\t\t\t\t\t\t<div class=\"elementor-element elementor-element-700841f elementor-widget elementor-widget-gimont_elementor_heading\" data-id=\"700841f\" data-element_type=\"widget\" data-widget_type=\"gimont_elementor_heading.default\">\n\t\t\t\t<div class=\"elementor-widget-container\">\n\t\t\t\n\t\t\t<div class=\"ova-heading template_1\">\n\t\t\t\t\t\t\t\t\t\t\t\t\t\t\t<span class=\"line\"><\/span>\n\t\t\t\t\t\t\t\t\t\t<span class=\"subtitle\">Zaman \u00c7izelgesi<\/span>\n\t\t\t\t\t\t\t\t\t\t\t\t\t\n\t\t\t\t\t\t\t\t\t\t\t\t\t\t\t<h2 class=\"title\">Kilometre Ta\u015flar\u0131<\/h2>\n\t\t\t\t\t\t\t\t\t\t\n\t\t\t\t\t\t\t\t\n\t\t\t\t\n\t\t\t<\/div>\n\n\t\t\t\t<\/div>\n\t\t\t\t<\/div>\n\t\t\t\t\t<\/div>\n\t\t<\/div>\n\t\t\t\t\t<\/div>\n\t\t<\/section>\n\t\t\t\t<section class=\"elementor-section elementor-top-section elementor-element elementor-element-7b75c74 elementor-section-boxed elementor-section-height-default elementor-section-height-default\" data-id=\"7b75c74\" data-element_type=\"section\">\n\t\t\t\t\t\t<div class=\"elementor-container elementor-column-gap-default\">\n\t\t\t\t\t<div class=\"elementor-column elementor-col-100 elementor-top-column elementor-element elementor-element-94dfa71\" data-id=\"94dfa71\" data-element_type=\"column\">\n\t\t\t<div class=\"elementor-widget-wrap elementor-element-populated\">\n\t\t\t\t\t\t<div class=\"elementor-element elementor-element-c9744d1 elementor-widget elementor-widget-gimont_elementor_road_map\" data-id=\"c9744d1\" data-element_type=\"widget\" data-widget_type=\"gimont_elementor_road_map.default\">\n\t\t\t\t<div class=\"elementor-widget-container\">\n\t\t\t\n\t\t<div class=\"ova-road-map template_1\">\n\t\t\t<div class=\"road-map-wrapper\">\n\n\t\t\t\t\t\t\t\t\t<div class=\"timeline-column\">\n\t\t\t\t\t\t\t\t\t\t\t\t\t\t\t\t\t\t\t\t\t<div class=\"timeline-item timeline-item-left \">\n\t\t\t\t\t\t\t\t\t<div class=\"timeline-image\">\n\t\t\t\t\t\t\t\t\t\t<img decoding=\"async\" src=\"https:\/\/pjfd.org.tr\/tr\/wp-content\/uploads\/2024\/12\/km.jpg\" alt=\"\"\n\t\t\t\t\t\t\t\t\t\ttitle=\"km\">\n\t\t\t\t\t\t\t\t\t<\/div>\n\t\t\t\t\t\t\t\t\t<div class=\"timeline-info\">\n\t\t\t\t\t\t\t\t\t\t<div class=\"content-info\" \n\t\t\t\t\t\t\t\t\t\t\tdata-animation='{\"animation\":\"\",\"duration\":\"\",\"delay\":\"\"}'>\n\n\t\t\t\t\t\t\t\t\t\t\t\t\t\t\t\t\t\t\t\t\t\t\t<div class=\"date\">\n\t\t\t\t\t\t\t\t\t\t\t\t\t08 May\u0131s 2012\t\t\t\t\t\t\t\t\t\t\t\t<\/div>\n\t\t\t\t\t\t\t\t\t\t\t\t\t\t\t\t\t\t\t\t\t\t<div class=\"timeline-content\">\n\t\t\t\t\t\t\t\t\t\t\t\t<h3 class=\"title\">PJFD Kurulu\u015f Galas\u0131<\/h3>\n\t\t\t\t\t\t\t\t\t\t\t\t<p class=\"desc\">Petrol Jeofizik\u00e7ileri Derne\u011fi,  Bilkent Otel&#039;debir gala yeme\u011fi yaparak Kurulu\u015fun kutlad\u0131. Kurulu\u015f gala yeme\u011fine Enerji Bakanl\u0131\u011f\u0131ndan \u00fcst d\u00fczey y\u00f6neticiler, Petrol ve Do\u011falgaz sekt\u00f6r\u00fcnden \u00e7ok say\u0131da Genel M\u00fcd\u00fcr, Genel M\u00fcd\u00fcr yard\u0131mc\u0131s\u0131, Dernek ve Oda ba\u015fkanlar\u0131, \u00fcye olan Jeofizik M\u00fchendisleri ve bas\u0131n temsilcileri olmak \u00fczere toplam 300 ki\u015fi kat\u0131ld\u0131.<\/p>\n\t\t\t\t\t\t\t\t\t\t\t<\/div>\n\t\t\t\t\t\t\t\t\t\t<\/div>\n\t\t\t\t\t\t\t\t\t<\/div>\n\t\t\t\t\t\t\t\t<\/div>\n\t\t\t\t\t\t\t\t\t\t\t\t\t\t\t\t\t\t\t\t\t\t<div class=\"timeline-item timeline-item-right \">\n\t\t\t\t\t\t\t\t\t<div class=\"timeline-info\">\n\t\t\t\t\t\t\t\t\t\t<div class=\"content-info\" \n\t\t\t\t\t\t\t\t\t\tdata-animation='{\"animation\":\"\",\"duration\":\"\",\"delay\":\"\"}'>\n\n\t\t\t\t\t\t\t\t\t\t\t\t\t\t\t\t\t\t\t\t\t\t\t<div class=\"date\">\n\t\t\t\t\t\t\t\t\t\t\t\t\t01 Mart 2015\t\t\t\t\t\t\t\t\t\t\t\t<\/div>\n\t\t\t\t\t\t\t\t\t\t\t\n\t\t\t\t\t\t\t\t\t\t\t<div class=\"timeline-content\">\n\t\t\t\t\t\t\t\t\t\t\t\t<h3 class=\"title\">EMEOGE 2015<\/h3>\n\t\t\t\t\t\t\t\t\t\t\t\t<p class=\"desc\">Antalya&#039;da d\u00fczenlenen EMEOGE&#039;15, kat\u0131l\u0131mc\u0131lar\u0131na en son ve en iyi bilimsel ve politik geli\u015fmelere, Do\u011fu Akdeniz&#039;den Orta Do\u011fu&#039;ya \u00f6rnek olaylara ve kara ve deniz sismik alan\u0131ndaki zorluklara eri\u015fme konusunda e\u015fsiz bir f\u0131rsat sa\u011flad\u0131. Kat\u0131l\u0131mc\u0131lar yeni ili\u015fkiler geli\u015ftirerek b\u00fcy\u00fck de\u011fer kazand\u0131 ve yap\u0131lan etkinlik b\u00f6lgedeki i\u015f birli\u011fine ivme kazand\u0131rd\u0131.<\/p>\n\t\t\t\t\t\t\t\t\t\t\t<\/div>\n\t\t\t\t\t\t\t\t\t\t<\/div>\n\t\t\t\t\t\t\t\t\t<\/div>\n\t\t\t\t\t\t\t\t\t<div class=\"timeline-image\">\n\t\t\t\t\t\t\t\t\t\t<img decoding=\"async\" src=\"https:\/\/pjfd.org.tr\/tr\/wp-content\/uploads\/2024\/11\/emeoge.jpg\" alt=\"\">\n\t\t\t\t\t\t\t\t\t<\/div>\n\t\t\t\t\t\t\t\t<\/div>\n\t\t\t\t\t\t\t\t\t\t\t\t\t\t\t\t\t\t\t\t\t<div class=\"timeline-item timeline-item-left \">\n\t\t\t\t\t\t\t\t\t<div class=\"timeline-image\">\n\t\t\t\t\t\t\t\t\t\t<img decoding=\"async\" src=\"https:\/\/pjfd.org.tr\/tr\/wp-content\/uploads\/2024\/11\/trogs.jpg\" alt=\"\"\n\t\t\t\t\t\t\t\t\t\ttitle=\"trogs\">\n\t\t\t\t\t\t\t\t\t<\/div>\n\t\t\t\t\t\t\t\t\t<div class=\"timeline-info\">\n\t\t\t\t\t\t\t\t\t\t<div class=\"content-info\" \n\t\t\t\t\t\t\t\t\t\t\tdata-animation='{\"animation\":\"\",\"duration\":\"\",\"delay\":\"\"}'>\n\n\t\t\t\t\t\t\t\t\t\t\t\t\t\t\t\t\t\t\t\t\t\t\t<div class=\"date\">\n\t\t\t\t\t\t\t\t\t\t\t\t\t25 Ekim 2016\t\t\t\t\t\t\t\t\t\t\t\t<\/div>\n\t\t\t\t\t\t\t\t\t\t\t\t\t\t\t\t\t\t\t\t\t\t<div class=\"timeline-content\">\n\t\t\t\t\t\t\t\t\t\t\t\t<h3 class=\"title\">TROGS&#039;16<\/h3>\n\t\t\t\t\t\t\t\t\t\t\t\t<p class=\"desc\">TROGS 2016, T\u00fcrkiye Petrol ve Do\u011falgaz Zirvesi \u201cT\u00fcrkiye\u2019de Petrol Ke\u015ffinin 70. Y\u0131l\u0131\u201d Sempozyumu T\u00fcrkiye Petrol Jeologlar\u0131 Derne\u011fi (TPJD), Petrol Jeofizik\u00e7ileri Derne\u011fi (PJFD) ve TMMOB Petrol M\u00fchendisleri Odas\u0131 (PMO) taraf\u0131ndan Ekim 2016\u2019da Ad\u0131yaman\u2019da d\u00fczenlenmi\u015ftir. <\/p>\n\t\t\t\t\t\t\t\t\t\t\t<\/div>\n\t\t\t\t\t\t\t\t\t\t<\/div>\n\t\t\t\t\t\t\t\t\t<\/div>\n\t\t\t\t\t\t\t\t<\/div>\n\t\t\t\t\t\t\t\t\t\t\t\t\t\t\t\t\t\t\t\t\t\t<div class=\"timeline-item timeline-item-right \">\n\t\t\t\t\t\t\t\t\t<div class=\"timeline-info\">\n\t\t\t\t\t\t\t\t\t\t<div class=\"content-info\" \n\t\t\t\t\t\t\t\t\t\tdata-animation='{\"animation\":\"\",\"duration\":\"slow\",\"delay\":500}'>\n\n\t\t\t\t\t\t\t\t\t\t\t\t\t\t\t\t\t\t\t\t\t\t\t<div class=\"date\">\n\t\t\t\t\t\t\t\t\t\t\t\t\t24 \u015eubat 2024\t\t\t\t\t\t\t\t\t\t\t\t<\/div>\n\t\t\t\t\t\t\t\t\t\t\t\n\t\t\t\t\t\t\t\t\t\t\t<div class=\"timeline-content\">\n\t\t\t\t\t\t\t\t\t\t\t\t<h3 class=\"title\">Yeni Y\u00f6netim Kurulu<\/h3>\n\t\t\t\t\t\t\t\t\t\t\t\t<p class=\"desc\">Petrol Jeofizik\u00e7ileri Derne\u011fi VI. Ola\u011fan Genel Kurul toplant\u0131s\u0131 24.02.2024 tarihinde ger\u00e7ekle\u015fmi\u015ftir. \n\n\u00d6nceki d\u00f6nem Y\u00f6netim Kurulu \u00dcyelerimize, bu g\u00fcne kadar verdikleri emek i\u00e7in te\u015fekk\u00fcr ederiz.\nYeni se\u00e7ilen Y\u00f6netim Kurulu \u00dcyelerimizi tebrik ediyor ve g\u00f6revlerinde ba\u015far\u0131lar diliyoruz. Kendilerinin, derne\u011fimizin vizyonunu daha da y\u00fckseltece\u011fine ve yeni ba\u015far\u0131 hikayelerine liderlik edeceklerine inaniyoruz<\/p>\n\t\t\t\t\t\t\t\t\t\t\t<\/div>\n\t\t\t\t\t\t\t\t\t\t<\/div>\n\t\t\t\t\t\t\t\t\t<\/div>\n\t\t\t\t\t\t\t\t\t<div class=\"timeline-image\">\n\t\t\t\t\t\t\t\t\t\t<img decoding=\"async\" src=\"https:\/\/pjfd.org.tr\/tr\/wp-content\/uploads\/2024\/11\/yyk.jpg\" alt=\"\">\n\t\t\t\t\t\t\t\t\t<\/div>\n\t\t\t\t\t\t\t\t<\/div>\n\t\t\t\t\t\t\t\t\t\t\t<\/div>\n\t\t\t\t\n\t\t\t<\/div>\n\t\t<\/div>\n\t\t \t\n\t\t\t\t<\/div>\n\t\t\t\t<\/div>\n\t\t\t\t\t<\/div>\n\t\t<\/div>\n\t\t\t\t\t<\/div>\n\t\t<\/section>\n\t\t\t\t<\/div>\n\t\t","protected":false},"excerpt":{"rendered":"<p>Zaman \u00c7izelgesi Kilometre Ta\u015flar\u0131 08 May\u0131s 2012 PJFD Kurulu\u015f Galas\u0131 Petrol Jeofizik\u00e7ileri Derne\u011fi, Bilkent Otel&#039;debir gala yeme\u011fi yaparak Kurulu\u015fun kutlad\u0131. Kurulu\u015f gala yeme\u011fine Enerji Bakanl\u0131\u011f\u0131ndan \u00fcst d\u00fczey y\u00f6neticiler, Petrol ve Do\u011falgaz sekt\u00f6r\u00fcnden \u00e7ok say\u0131da Genel M\u00fcd\u00fcr, Genel M\u00fcd\u00fcr yard\u0131mc\u0131s\u0131, Dernek ve Oda ba\u015fkanlar\u0131, \u00fcye olan Jeofizik M\u00fchendisleri ve bas\u0131n temsilcileri olmak \u00fczere toplam 300 ki\u015fi [&hellip;]<\/p>\n","protected":false},"author":1,"featured_media":0,"parent":0,"menu_order":0,"comment_status":"closed","ping_status":"closed","template":"elementor_header_footer","meta":{"_uag_custom_page_level_css":"","_monsterinsights_skip_tracking":false,"_monsterinsights_sitenote_active":false,"_monsterinsights_sitenote_note":"","_monsterinsights_sitenote_category":0,"footnotes":""},"class_list":["post-17132","page","type-page","status-publish","hentry"],"aioseo_notices":[],"uagb_featured_image_src":{"full":false,"thumbnail":false,"medium":false,"medium_large":false,"large":false,"ova_collection_thumbnail":false,"ovaev_event_thumbnail":false,"ova_por_thumbnail":false,"ova_sev_thumbnail":false,"1536x1536":false,"2048x2048":false,"gimont_thumbnail":false,"gimont_medium":false,"woocommerce_thumbnail":false,"woocommerce_single":false,"woocommerce_gallery_thumbnail":false},"uagb_author_info":{"display_name":"admin","author_link":"https:\/\/pjfd.org.tr\/tr\/author\/aagedik\/"},"uagb_comment_info":0,"uagb_excerpt":"Zaman \u00c7izelgesi Kilometre Ta\u015flar\u0131 08 May\u0131s 2012 PJFD Kurulu\u015f Galas\u0131 Petrol Jeofizik\u00e7ileri Derne\u011fi, Bilkent Otel&#039;debir gala yeme\u011fi yaparak Kurulu\u015fun kutlad\u0131. Kurulu\u015f gala yeme\u011fine Enerji Bakanl\u0131\u011f\u0131ndan \u00fcst d\u00fczey y\u00f6neticiler, Petrol ve Do\u011falgaz sekt\u00f6r\u00fcnden \u00e7ok say\u0131da Genel M\u00fcd\u00fcr, Genel M\u00fcd\u00fcr yard\u0131mc\u0131s\u0131, Dernek ve Oda ba\u015fkanlar\u0131, \u00fcye olan Jeofizik M\u00fchendisleri ve bas\u0131n temsilcileri olmak \u00fczere toplam 300 ki\u015fi&hellip;","_links":{"self":[{"href":"https:\/\/pjfd.org.tr\/tr\/wp-json\/wp\/v2\/pages\/17132","targetHints":{"allow":["GET"]}}],"collection":[{"href":"https:\/\/pjfd.org.tr\/tr\/wp-json\/wp\/v2\/pages"}],"about":[{"href":"https:\/\/pjfd.org.tr\/tr\/wp-json\/wp\/v2\/types\/page"}],"author":[{"embeddable":true,"href":"https:\/\/pjfd.org.tr\/tr\/wp-json\/wp\/v2\/users\/1"}],"replies":[{"embeddable":true,"href":"https:\/\/pjfd.org.tr\/tr\/wp-json\/wp\/v2\/comments?post=17132"}],"version-history":[{"count":20,"href":"https:\/\/pjfd.org.tr\/tr\/wp-json\/wp\/v2\/pages\/17132\/revisions"}],"predecessor-version":[{"id":18478,"href":"https:\/\/pjfd.org.tr\/tr\/wp-json\/wp\/v2\/pages\/17132\/revisions\/18478"}],"wp:attachment":[{"href":"https:\/\/pjfd.org.tr\/tr\/wp-json\/wp\/v2\/media?parent=17132"}],"curies":[{"name":"wp","href":"https:\/\/api.w.org\/{rel}","templated":true}]}}