{"id":18698,"date":"2025-03-14T19:58:53","date_gmt":"2025-03-14T19:58:53","guid":{"rendered":"https:\/\/pjfd.org.tr\/tr\/?page_id=18698"},"modified":"2025-03-14T20:09:39","modified_gmt":"2025-03-14T20:09:39","slug":"logo-kullanimi","status":"publish","type":"page","link":"https:\/\/pjfd.org.tr\/tr\/logo-kullanimi\/","title":{"rendered":"Logo Kullan\u0131m\u0131"},"content":{"rendered":"\t\t<div data-elementor-type=\"wp-page\" data-elementor-id=\"18698\" class=\"elementor elementor-18698\" data-elementor-post-type=\"page\">\n\t\t\t\t<div class=\"elementor-element elementor-element-0b309f3 e-flex e-con-boxed e-con e-parent\" data-id=\"0b309f3\" data-element_type=\"container\">\n\t\t\t\t\t<div class=\"e-con-inner\">\n\t\t\t\t<div class=\"elementor-element elementor-element-db0ec44 elementor-widget elementor-widget-gimont_elementor_heading\" data-id=\"db0ec44\" data-element_type=\"widget\" data-widget_type=\"gimont_elementor_heading.default\">\n\t\t\t\t<div class=\"elementor-widget-container\">\n\t\t\t\n\t\t\t<div class=\"ova-heading template_1\">\n\t\t\t\t\t\t\t\t\t\t\t\t\t\t\t<span class=\"line\"><\/span>\n\t\t\t\t\t\t\t\t\t\t<span class=\"subtitle\">PJFD LOGO<\/span>\n\t\t\t\t\t\t\t\t\t\t\t\t\t\n\t\t\t\t\t\t\t\t\t\t\t\t\t\t\t<h2 class=\"title\">Logo Kullan\u0131m\u0131<\/h2>\n\t\t\t\t\t\t\t\t\t\t\n\t\t\t\t\t\t\t\t\n\t\t\t\t\n\t\t\t<\/div>\n\n\t\t\t\t<\/div>\n\t\t\t\t<\/div>\n\t\t\t\t\t<\/div>\n\t\t\t\t<\/div>\n\t\t<div class=\"elementor-element elementor-element-80217d8 e-flex e-con-boxed e-con e-parent\" data-id=\"80217d8\" data-element_type=\"container\">\n\t\t\t\t\t<div class=\"e-con-inner\">\n\t\t\t\t<div class=\"elementor-element elementor-element-e23549e elementor-widget elementor-widget-text-editor\" data-id=\"e23549e\" data-element_type=\"widget\" data-widget_type=\"text-editor.default\">\n\t\t\t\t<div class=\"elementor-widget-container\">\n\t\t\t<style>\/*! elementor - v3.22.0 - 26-06-2024 *\/\n.elementor-widget-text-editor.elementor-drop-cap-view-stacked .elementor-drop-cap{background-color:#69727d;color:#fff}.elementor-widget-text-editor.elementor-drop-cap-view-framed .elementor-drop-cap{color:#69727d;border:3px solid;background-color:transparent}.elementor-widget-text-editor:not(.elementor-drop-cap-view-default) .elementor-drop-cap{margin-top:8px}.elementor-widget-text-editor:not(.elementor-drop-cap-view-default) .elementor-drop-cap-letter{width:1em;height:1em}.elementor-widget-text-editor .elementor-drop-cap{float:left;text-align:center;line-height:1;font-size:50px}.elementor-widget-text-editor .elementor-drop-cap-letter{display:inline-block}<\/style>\t\t\t\t<p><br \/>&#8211; Bir b\u00fct\u00fcn olarak kullan\u0131lmal\u0131d\u0131r, k\u0131smi olarak kullan\u0131lmamal\u0131d\u0131r veya de\u011fi\u015ftirilmemelidir.<\/p><p>&#8211; Amblem g\u00f6rsel olarak kullan\u0131lmal\u0131, yeniden olu\u015fturulmamal\u0131d\u0131r.<\/p><p>&#8211; D\u00fcz beyaz zeminde bu kullan\u0131m ge\u00e7erlidir, di\u011fer arka planlar i\u00e7in di\u015fi form kullan\u0131lmal\u0131d\u0131r.<\/p><p><a href=\"https:\/\/pjfd.org.tr\/tr\/wp-content\/uploads\/2025\/03\/Pjfd_Logo.pdf\" target=\"_blank\" rel=\"noopener\">PJFD AMBLEM\u0130N\u0130 \u0130ND\u0130R\u00a0<\/a><\/p>\t\t\t\t\t\t<\/div>\n\t\t\t\t<\/div>\n\t\t\t\t\t<\/div>\n\t\t\t\t<\/div>\n\t\t\t\t<\/div>\n\t\t","protected":false},"excerpt":{"rendered":"<p>PJFD LOGO Logo Kullan\u0131m\u0131 &#8211; Bir b\u00fct\u00fcn olarak kullan\u0131lmal\u0131d\u0131r, k\u0131smi olarak kullan\u0131lmamal\u0131d\u0131r veya de\u011fi\u015ftirilmemelidir. &#8211; Amblem g\u00f6rsel olarak kullan\u0131lmal\u0131, yeniden olu\u015fturulmamal\u0131d\u0131r. &#8211; D\u00fcz beyaz zeminde bu kullan\u0131m ge\u00e7erlidir, di\u011fer arka planlar i\u00e7in di\u015fi form kullan\u0131lmal\u0131d\u0131r. PJFD AMBLEM\u0130N\u0130 \u0130ND\u0130R\u00a0<\/p>\n","protected":false},"author":2,"featured_media":0,"parent":0,"menu_order":0,"comment_status":"closed","ping_status":"closed","template":"","meta":{"_uag_custom_page_level_css":"","_monsterinsights_skip_tracking":false,"_monsterinsights_sitenote_active":false,"_monsterinsights_sitenote_note":"","_monsterinsights_sitenote_category":0,"footnotes":""},"class_list":["post-18698","page","type-page","status-publish","hentry"],"aioseo_notices":[],"uagb_featured_image_src":{"full":false,"thumbnail":false,"medium":false,"medium_large":false,"large":false,"ova_collection_thumbnail":false,"ovaev_event_thumbnail":false,"ova_por_thumbnail":false,"ova_sev_thumbnail":false,"1536x1536":false,"2048x2048":false,"gimont_thumbnail":false,"gimont_medium":false,"woocommerce_thumbnail":false,"woocommerce_single":false,"woocommerce_gallery_thumbnail":false},"uagb_author_info":{"display_name":"emeklioglu","author_link":"https:\/\/pjfd.org.tr\/tr\/author\/admin\/"},"uagb_comment_info":0,"uagb_excerpt":"PJFD LOGO Logo Kullan\u0131m\u0131 &#8211; Bir b\u00fct\u00fcn olarak kullan\u0131lmal\u0131d\u0131r, k\u0131smi olarak kullan\u0131lmamal\u0131d\u0131r veya de\u011fi\u015ftirilmemelidir. &#8211; Amblem g\u00f6rsel olarak kullan\u0131lmal\u0131, yeniden olu\u015fturulmamal\u0131d\u0131r. &#8211; D\u00fcz beyaz zeminde bu kullan\u0131m ge\u00e7erlidir, di\u011fer arka planlar i\u00e7in di\u015fi form kullan\u0131lmal\u0131d\u0131r. PJFD AMBLEM\u0130N\u0130 \u0130ND\u0130R\u00a0","_links":{"self":[{"href":"https:\/\/pjfd.org.tr\/tr\/wp-json\/wp\/v2\/pages\/18698","targetHints":{"allow":["GET"]}}],"collection":[{"href":"https:\/\/pjfd.org.tr\/tr\/wp-json\/wp\/v2\/pages"}],"about":[{"href":"https:\/\/pjfd.org.tr\/tr\/wp-json\/wp\/v2\/types\/page"}],"author":[{"embeddable":true,"href":"https:\/\/pjfd.org.tr\/tr\/wp-json\/wp\/v2\/users\/2"}],"replies":[{"embeddable":true,"href":"https:\/\/pjfd.org.tr\/tr\/wp-json\/wp\/v2\/comments?post=18698"}],"version-history":[{"count":13,"href":"https:\/\/pjfd.org.tr\/tr\/wp-json\/wp\/v2\/pages\/18698\/revisions"}],"predecessor-version":[{"id":18713,"href":"https:\/\/pjfd.org.tr\/tr\/wp-json\/wp\/v2\/pages\/18698\/revisions\/18713"}],"wp:attachment":[{"href":"https:\/\/pjfd.org.tr\/tr\/wp-json\/wp\/v2\/media?parent=18698"}],"curies":[{"name":"wp","href":"https:\/\/api.w.org\/{rel}","templated":true}]}}